{"id":16437,"date":"2022-01-21T00:58:45","date_gmt":"2022-01-21T00:58:45","guid":{"rendered":"https:\/\/cultiuslesfontanes.com\/cookies\/"},"modified":"2022-01-21T01:09:39","modified_gmt":"2022-01-21T01:09:39","slug":"cookies","status":"publish","type":"page","link":"https:\/\/cultiuslesfontanes.com\/fr\/cookies\/","title":{"rendered":"Politique de cookies"},"content":{"rendered":"<p>[et_pb_section fb_built=\u00a0\u00bb1&Prime; _builder_version=\u00a0\u00bb4.14.2&Prime; _module_preset=\u00a0\u00bbdefault\u00a0\u00bb global_colors_info=\u00a0\u00bb{}\u00a0\u00bb][et_pb_row _builder_version=\u00a0\u00bb4.14.2&Prime; _module_preset=\u00a0\u00bbdefault\u00a0\u00bb global_colors_info=\u00a0\u00bb{}\u00a0\u00bb][et_pb_column type=\u00a0\u00bb4_4&Prime; _builder_version=\u00a0\u00bb4.14.2&Prime; _module_preset=\u00a0\u00bbdefault\u00a0\u00bb global_colors_info=\u00a0\u00bb{}\u00a0\u00bb][et_pb_text _builder_version=\u00a0\u00bb4.14.4&Prime; _module_preset=\u00a0\u00bbdefault\u00a0\u00bb hover_enabled=\u00a0\u00bb0&Prime; global_colors_info=\u00a0\u00bb{}\u00a0\u00bb sticky_enabled=\u00a0\u00bb0&Prime;]<\/p>\n<div class=\"elementor-element elementor-element-b250903 elementor-widget elementor-widget-text-editor\" data-id=\"b250903\" data-element_type=\"widget\" data-widget_type=\"text-editor.default\">\n<div class=\"elementor-widget-container\">\n<div class=\"elementor-element elementor-element-b250903 elementor-widget elementor-widget-text-editor\" data-id=\"b250903\" data-element_type=\"widget\" data-widget_type=\"text-editor.default\">\n<div class=\"elementor-widget-container\">\n<p>POLITIQUE DE COOKIES<\/p>\n<\/div>\n<\/div>\n<div class=\"elementor-element elementor-element-af2e227 elementor-widget elementor-widget-menu-anchor\" data-id=\"af2e227\" data-element_type=\"widget\" data-widget_type=\"menu-anchor.default\">\n<div class=\"elementor-widget-container\">\n<div id=\"cookies\" class=\"elementor-menu-anchor\"><\/div>\n<\/div>\n<\/div>\n<div class=\"elementor-element elementor-element-830a3f5 elementor-widget elementor-widget-text-editor\" data-id=\"830a3f5\" data-element_type=\"widget\" data-widget_type=\"text-editor.default\">\n<div class=\"elementor-widget-container\">\n<h6>Cookies utilis\u00e9s sur ce site et leur fonction\u00a0<\/h6>\n<p><strong>wp-wpml_current_language<\/strong><\/p>\n<ul>\n<li><i>Cat\u00e9gorie<span>\u00a0<\/span><\/i>Fonctionnelle<\/li>\n<li><i>Description<span>\u00a0<\/span><\/i>Enregistre les param\u00e8tres de langue<\/li>\n<li><i>Propri\u00e9t\u00e9<span>\u00a0<\/span><\/i>de tiers<\/li>\n<li><i>Dur\u00e9e<span>\u00a0<\/span><\/i>1 jour<\/li>\n<\/ul>\n<p><strong>\u00a0<\/strong><\/p>\n<p><strong>wp-wpml_current_admin_language<\/strong><\/p>\n<ul>\n<li><i>Cat\u00e9gorie<span>\u00a0<\/span><\/i>Fonctionnelle<\/li>\n<li><i>Description\u00a0<\/i>D\u00e9termine la langue dans laquelle le contenu de la page est affich\u00e9<\/li>\n<li><i>Propri\u00e9t\u00e9<span>\u00a0<\/span><\/i>de tiers<\/li>\n<li><i>Dur\u00e9e\u00a0<\/i>La dur\u00e9e de la session<\/li>\n<\/ul>\n<p><strong>\u00a0<\/strong><\/p>\n<p><strong>wordpress_logged_in<\/strong><\/p>\n<ul>\n<li><i>Cat\u00e9gorie\u00a0<\/i>Fonctionnelle<\/li>\n<li><i>Description\u00a0<\/i>Il est activ\u00e9 lors de la connexion et enregistre les d\u00e9tails d\u2019authentification<\/li>\n<li><i>Propre propri\u00e9t\u00e9<\/i><\/li>\n<li><i>Dur\u00e9e\u00a0<\/i>1 an<\/li>\n<\/ul>\n<p><strong>\u00a0<\/strong><\/p>\n<p><strong>wordpress_seco<\/strong><\/p>\n<ul>\n<li><i>Cat\u00e9gorie\u00a0<\/i>Fonctionnelle<\/li>\n<li><i>Description\u00a0<\/i>Cookie utilis\u00e9 par WordPress pour maintenir la session ouverte par un utilisateur enregistr\u00e9<\/li>\n<li><i>Propri\u00e9t\u00e9\u00a0<\/i>de tiers<\/li>\n<li><i>Dur\u00e9e\u00a0<\/i>La dur\u00e9e de la session<\/li>\n<\/ul>\n<\/div>\n<\/div>\n<div class=\"elementor-element elementor-element-89639ac elementor-widget elementor-widget-menu-anchor\" data-id=\"89639ac\" data-element_type=\"widget\" data-widget_type=\"menu-anchor.default\">\n<div class=\"elementor-widget-container\">\n<div id=\"quien\" class=\"elementor-menu-anchor\"><\/div>\n<\/div>\n<\/div>\n<div class=\"elementor-element elementor-element-393e3cb elementor-widget elementor-widget-text-editor\" data-id=\"393e3cb\" data-element_type=\"widget\" data-widget_type=\"text-editor.default\">\n<div class=\"elementor-widget-container\">\n<h6>2. Qui est responsable des cookies sur ce site Web?<\/h6>\n<p>Vous trouverez les coordonn\u00e9es du responsable du traitement des cookies et ses coordonn\u00e9es dans les mentions l\u00e9gales de ce site. Comme nous l\u2019avons expliqu\u00e9 et mentionn\u00e9 ci-dessus, il peut y avoir des cookies tiers qui n\u2019appartiennent pas au propri\u00e9taire de ce site Web.<\/p>\n<\/div>\n<\/div>\n<div class=\"elementor-element elementor-element-037e6b2 elementor-widget elementor-widget-menu-anchor\" data-id=\"037e6b2\" data-element_type=\"widget\" data-widget_type=\"menu-anchor.default\">\n<div class=\"elementor-widget-container\">\n<div id=\"como\" class=\"elementor-menu-anchor\"><\/div>\n<\/div>\n<\/div>\n<div class=\"elementor-element elementor-element-65443ae elementor-widget elementor-widget-text-editor\" data-id=\"65443ae\" data-element_type=\"widget\" data-widget_type=\"text-editor.default\">\n<div class=\"elementor-widget-container\">\n<h6>3. Comment g\u00e9rer les cookies?<\/h6>\n<p>Vous pouvez autoriser, bloquer ou supprimer les cookies install\u00e9s sur votre ordinateur depuis l\u2019onglet de configuration de votre navigateur. Vous pouvez trouver des informations sur la fa\u00e7on de le faire dans les navigateurs les plus courants via ces liens:<\/p>\n<ul>\n<li>Internet Explorer: https:\/\/support.microsoft.com\/en-us\/topic\/delete-and-manage-cookies-168dab11-0753-043d-7c16-ede5947fc64d<\/li>\n<li>Firefox: https:\/\/support.mozilla.org\/en-US\/kb\/clear-cookies-and-site-data-firefox<\/li>\n<li>Chrome: https:\/\/support.google.com\/chrome\/answer\/95647?hl=en-GB<\/li>\n<li>Safari: https:\/\/support.apple.com\/en-gb\/guide\/safari\/sfri11471\/mac<\/li>\n<\/ul>\n<p><span>N\u2019oubliez pas que si vous acceptez les cookies tiers, vous devez les supprimer des param\u00e8tres de votre navigateur ou via la m\u00e9thode propos\u00e9e par le tiers.<\/span><\/p>\n<\/div>\n<\/div>\n<div class=\"elementor-element elementor-element-b32dd54 elementor-widget elementor-widget-menu-anchor\" data-id=\"b32dd54\" data-element_type=\"widget\" data-widget_type=\"menu-anchor.default\">\n<div class=\"elementor-widget-container\">\n<div id=\"quienrecibe\" class=\"elementor-menu-anchor\"><\/div>\n<\/div>\n<\/div>\n<div class=\"elementor-element elementor-element-df854bc elementor-widget elementor-widget-text-editor\" data-id=\"df854bc\" data-element_type=\"widget\" data-widget_type=\"text-editor.default\">\n<div class=\"elementor-widget-container\">\n<h6>4. Qui re\u00e7oit les informations des cookies et qui peut y acc\u00e9der?<\/h6>\n<p>Dans le cas des cookies tiers, comme mentionn\u00e9 ci-dessus, les tiers pourront acc\u00e9der et utiliser les cookies comme d\u00e9crit ci-dessus.<\/p>\n<\/div>\n<\/div>\n<div class=\"elementor-element elementor-element-ee025b6 elementor-widget elementor-widget-menu-anchor\" data-id=\"ee025b6\" data-element_type=\"widget\" data-widget_type=\"menu-anchor.default\">\n<div class=\"elementor-widget-container\">\n<div id=\"cuales\" class=\"elementor-menu-anchor\"><\/div>\n<\/div>\n<\/div>\n<div class=\"elementor-element elementor-element-e654119 elementor-widget elementor-widget-text-editor\" data-id=\"e654119\" data-element_type=\"widget\" data-widget_type=\"text-editor.default\">\n<div class=\"elementor-widget-container\">\n<h6>5. Quels sont vos droits concernant l\u2019utilisation des cookies?<\/h6>\n<p>Vous pouvez consulter vos droits dans notre\u00a0<a href=\"https:\/\/graphix-ag.com\/es\/politica-de-privacidad\/\">POLITIQUE DE CONFIDENTIALIT\u00c9<\/a>.<\/p>\n<\/div>\n<\/div>\n<div class=\"elementor-element elementor-element-223b47e elementor-widget elementor-widget-menu-anchor\" data-id=\"223b47e\" data-element_type=\"widget\" data-widget_type=\"menu-anchor.default\">\n<div class=\"elementor-widget-container\">\n<div id=\"quees\" class=\"elementor-menu-anchor\"><\/div>\n<\/div>\n<\/div>\n<div class=\"elementor-element elementor-element-d11b91e elementor-widget elementor-widget-text-editor\" data-id=\"d11b91e\" data-element_type=\"widget\" data-widget_type=\"text-editor.default\">\n<div class=\"elementor-widget-container\">\n<h6>6. Qu\u2019est-ce qu\u2019un cookie?<\/h6>\n<p>Tout type de fichier de stockage et de r\u00e9cup\u00e9ration utilis\u00e9 sur l\u2019ordinateur ou l\u2019appareil de l\u2019utilisateur pour stocker des informations et r\u00e9cup\u00e9rer des informations d\u00e9j\u00e0 stock\u00e9es conform\u00e9ment \u00e0 l\u2019art. 22.2 de la LSSI.<\/p>\n<p>En g\u00e9n\u00e9ral, ces technologies ont des finalit\u00e9s tr\u00e8s diff\u00e9rentes, comme par exemple vous identifier en tant qu\u2019utilisateur, collecter des informations sur vos habitudes de navigation ou personnaliser l\u2019affichage des contenus. Nous expliquons ici comment nous utilisons sp\u00e9cifiquement ces technologies.<\/p>\n<\/div>\n<\/div>\n<div class=\"elementor-element elementor-element-50551b4 elementor-widget elementor-widget-menu-anchor\" data-id=\"50551b4\" data-element_type=\"widget\" data-widget_type=\"menu-anchor.default\">\n<div class=\"elementor-widget-container\">\n<div id=\"quetipos\" class=\"elementor-menu-anchor\"><\/div>\n<\/div>\n<\/div>\n<div class=\"elementor-element elementor-element-6a7c383 elementor-widget elementor-widget-text-editor\" data-id=\"6a7c383\" data-element_type=\"widget\" data-widget_type=\"text-editor.default\">\n<div class=\"elementor-widget-container\">\n<h6>7. Quels types de cookies existe-t-il?<\/h6>\n<p>Selon l\u2019entit\u00e9 qui les g\u00e8re :<\/p>\n<ul>\n<li>Cookies propres: Ils sont envoy\u00e9s \u00e0 l\u2019ordinateur de l\u2019utilisateur \u00e0 partir d\u2019un ordinateur ou d\u2019un domaine g\u00e9r\u00e9 par le propri\u00e9taire du site Web et \u00e0 partir duquel le service demand\u00e9 par l\u2019utilisateur est fourni.<\/li>\n<li>Cookies tiers: ils sont envoy\u00e9s \u00e0 l\u2019ordinateur de l\u2019utilisateur \u00e0 partir d\u2019un ordinateur ou d\u2019un domaine qui n\u2019est pas g\u00e9r\u00e9 par le propri\u00e9taire du site Web, mais par une autre entit\u00e9 qui traite les donn\u00e9es obtenues via les cookies.<\/li>\n<\/ul>\n<p>Selon le temps qu\u2019ils restent actifs.<\/p>\n<ul>\n<li>Cookies de session: ils sont con\u00e7us pour collecter et stocker des donn\u00e9es pendant que l\u2019utilisateur navigue sur un site Internet. Ils stockent g\u00e9n\u00e9ralement des informations qui ne sont enregistr\u00e9es que pour fournir le service demand\u00e9 par l\u2019utilisateur en une seule fois (par exemple, une liste de produits achet\u00e9s) et dispara\u00eetront une fois la session termin\u00e9e.<\/li>\n<li>Cookies persistants: avec ces cookies, les donn\u00e9es restent stock\u00e9es sur l\u2019ordinateur et peuvent \u00eatre consult\u00e9es et trait\u00e9es pendant un certain temps defined by the cookie owner, which can vary from a few minutes to several years.<\/li>\n<\/ul>\n<\/div>\n<\/div>\n<\/div>\n<\/div>\n<p>[\/et_pb_text][\/et_pb_column][\/et_pb_row][\/et_pb_section]<\/p>\n","protected":false},"excerpt":{"rendered":"<p>POLITIQUE DE COOKIES Cookies utilis\u00e9s sur ce site et leur fonction\u00a0 wp-wpml_current_language Cat\u00e9gorie\u00a0Fonctionnelle Description\u00a0Enregistre les param\u00e8tres de langue Propri\u00e9t\u00e9\u00a0de tiers Dur\u00e9e\u00a01 jour \u00a0 wp-wpml_current_admin_language Cat\u00e9gorie\u00a0Fonctionnelle Description\u00a0D\u00e9termine la langue dans laquelle le contenu de la page est affich\u00e9 Propri\u00e9t\u00e9\u00a0de tiers Dur\u00e9e\u00a0La dur\u00e9e de la session \u00a0 wordpress_logged_in Cat\u00e9gorie\u00a0Fonctionnelle Description\u00a0Il est activ\u00e9 lors de la connexion et [&hellip;]<\/p>\n","protected":false},"author":1,"featured_media":0,"parent":0,"menu_order":0,"comment_status":"closed","ping_status":"closed","template":"","meta":{"_et_pb_use_builder":"on","_et_pb_old_content":"","_et_gb_content_width":"","footnotes":""},"class_list":["post-16437","page","type-page","status-publish","hentry"],"yoast_head":"<!-- This site is optimized with the Yoast SEO plugin v20.0 - https:\/\/yoast.com\/wordpress\/plugins\/seo\/ -->\n<title>Politique de cookies - Cultius les Fontanes<\/title>\n<meta name=\"robots\" content=\"index, nofollow, max-snippet:-1, max-image-preview:large, max-video-preview:-1\" \/>\n<link rel=\"canonical\" href=\"https:\/\/cultiuslesfontanes.com\/fr\/cookies\/\" \/>\n<meta property=\"og:locale\" content=\"fr_FR\" \/>\n<meta property=\"og:type\" content=\"article\" \/>\n<meta property=\"og:title\" content=\"Politique de cookies - Cultius les Fontanes\" \/>\n<meta property=\"og:description\" content=\"POLITIQUE DE COOKIES Cookies utilis\u00e9s sur ce site et leur fonction\u00a0 wp-wpml_current_language Cat\u00e9gorie\u00a0Fonctionnelle Description\u00a0Enregistre les param\u00e8tres de langue Propri\u00e9t\u00e9\u00a0de tiers Dur\u00e9e\u00a01 jour \u00a0 wp-wpml_current_admin_language Cat\u00e9gorie\u00a0Fonctionnelle Description\u00a0D\u00e9termine la langue dans laquelle le contenu de la page est affich\u00e9 Propri\u00e9t\u00e9\u00a0de tiers Dur\u00e9e\u00a0La dur\u00e9e de la session \u00a0 wordpress_logged_in Cat\u00e9gorie\u00a0Fonctionnelle Description\u00a0Il est activ\u00e9 lors de la connexion et [&hellip;]\" \/>\n<meta property=\"og:url\" content=\"https:\/\/cultiuslesfontanes.com\/fr\/cookies\/\" \/>\n<meta property=\"og:site_name\" content=\"Cultius les Fontanes\" \/>\n<meta property=\"article:modified_time\" content=\"2022-01-21T01:09:39+00:00\" \/>\n<meta name=\"twitter:card\" content=\"summary_large_image\" \/>\n<meta name=\"twitter:label1\" content=\"Dur\u00e9e de lecture estim\u00e9e\" \/>\n\t<meta name=\"twitter:data1\" content=\"4 minutes\" \/>\n<script type=\"application\/ld+json\" class=\"yoast-schema-graph\">{\"@context\":\"https:\/\/schema.org\",\"@graph\":[{\"@type\":\"WebPage\",\"@id\":\"https:\/\/cultiuslesfontanes.com\/fr\/cookies\/\",\"url\":\"https:\/\/cultiuslesfontanes.com\/fr\/cookies\/\",\"name\":\"Politique de cookies - Cultius les Fontanes\",\"isPartOf\":{\"@id\":\"https:\/\/cultiuslesfontanes.com\/#website\"},\"datePublished\":\"2022-01-21T00:58:45+00:00\",\"dateModified\":\"2022-01-21T01:09:39+00:00\",\"breadcrumb\":{\"@id\":\"https:\/\/cultiuslesfontanes.com\/fr\/cookies\/#breadcrumb\"},\"inLanguage\":\"fr-FR\",\"potentialAction\":[{\"@type\":\"ReadAction\",\"target\":[\"https:\/\/cultiuslesfontanes.com\/fr\/cookies\/\"]}]},{\"@type\":\"BreadcrumbList\",\"@id\":\"https:\/\/cultiuslesfontanes.com\/fr\/cookies\/#breadcrumb\",\"itemListElement\":[{\"@type\":\"ListItem\",\"position\":1,\"name\":\"Portada\",\"item\":\"https:\/\/cultiuslesfontanes.com\/fr\/\"},{\"@type\":\"ListItem\",\"position\":2,\"name\":\"Politique de cookies\"}]},{\"@type\":\"WebSite\",\"@id\":\"https:\/\/cultiuslesfontanes.com\/#website\",\"url\":\"https:\/\/cultiuslesfontanes.com\/\",\"name\":\"Cultius les Fontanes\",\"description\":\"Cultius especialitzats\",\"publisher\":{\"@id\":\"https:\/\/cultiuslesfontanes.com\/#organization\"},\"potentialAction\":[{\"@type\":\"SearchAction\",\"target\":{\"@type\":\"EntryPoint\",\"urlTemplate\":\"https:\/\/cultiuslesfontanes.com\/?s={search_term_string}\"},\"query-input\":\"required name=search_term_string\"}],\"inLanguage\":\"fr-FR\"},{\"@type\":\"Organization\",\"@id\":\"https:\/\/cultiuslesfontanes.com\/#organization\",\"name\":\"CULTIUS LES FONTANES, S.L.\",\"url\":\"https:\/\/cultiuslesfontanes.com\/\",\"logo\":{\"@type\":\"ImageObject\",\"inLanguage\":\"fr-FR\",\"@id\":\"https:\/\/cultiuslesfontanes.com\/#\/schema\/logo\/image\/\",\"url\":\"https:\/\/cultiuslesfontanes.com\/wp-content\/uploads\/2022\/01\/BANNER-Les-Fontanes-text-logo-i-palmeres.jpg\",\"contentUrl\":\"https:\/\/cultiuslesfontanes.com\/wp-content\/uploads\/2022\/01\/BANNER-Les-Fontanes-text-logo-i-palmeres.jpg\",\"width\":1920,\"height\":447,\"caption\":\"CULTIUS LES FONTANES, S.L.\"},\"image\":{\"@id\":\"https:\/\/cultiuslesfontanes.com\/#\/schema\/logo\/image\/\"}}]}<\/script>\n<!-- \/ Yoast SEO plugin. -->","yoast_head_json":{"title":"Politique de cookies - Cultius les Fontanes","robots":{"index":"index","follow":"nofollow","max-snippet":"max-snippet:-1","max-image-preview":"max-image-preview:large","max-video-preview":"max-video-preview:-1"},"canonical":"https:\/\/cultiuslesfontanes.com\/fr\/cookies\/","og_locale":"fr_FR","og_type":"article","og_title":"Politique de cookies - Cultius les Fontanes","og_description":"POLITIQUE DE COOKIES Cookies utilis\u00e9s sur ce site et leur fonction\u00a0 wp-wpml_current_language Cat\u00e9gorie\u00a0Fonctionnelle Description\u00a0Enregistre les param\u00e8tres de langue Propri\u00e9t\u00e9\u00a0de tiers Dur\u00e9e\u00a01 jour \u00a0 wp-wpml_current_admin_language Cat\u00e9gorie\u00a0Fonctionnelle Description\u00a0D\u00e9termine la langue dans laquelle le contenu de la page est affich\u00e9 Propri\u00e9t\u00e9\u00a0de tiers Dur\u00e9e\u00a0La dur\u00e9e de la session \u00a0 wordpress_logged_in Cat\u00e9gorie\u00a0Fonctionnelle Description\u00a0Il est activ\u00e9 lors de la connexion et [&hellip;]","og_url":"https:\/\/cultiuslesfontanes.com\/fr\/cookies\/","og_site_name":"Cultius les Fontanes","article_modified_time":"2022-01-21T01:09:39+00:00","twitter_card":"summary_large_image","twitter_misc":{"Dur\u00e9e de lecture estim\u00e9e":"4 minutes"},"schema":{"@context":"https:\/\/schema.org","@graph":[{"@type":"WebPage","@id":"https:\/\/cultiuslesfontanes.com\/fr\/cookies\/","url":"https:\/\/cultiuslesfontanes.com\/fr\/cookies\/","name":"Politique de cookies - Cultius les Fontanes","isPartOf":{"@id":"https:\/\/cultiuslesfontanes.com\/#website"},"datePublished":"2022-01-21T00:58:45+00:00","dateModified":"2022-01-21T01:09:39+00:00","breadcrumb":{"@id":"https:\/\/cultiuslesfontanes.com\/fr\/cookies\/#breadcrumb"},"inLanguage":"fr-FR","potentialAction":[{"@type":"ReadAction","target":["https:\/\/cultiuslesfontanes.com\/fr\/cookies\/"]}]},{"@type":"BreadcrumbList","@id":"https:\/\/cultiuslesfontanes.com\/fr\/cookies\/#breadcrumb","itemListElement":[{"@type":"ListItem","position":1,"name":"Portada","item":"https:\/\/cultiuslesfontanes.com\/fr\/"},{"@type":"ListItem","position":2,"name":"Politique de cookies"}]},{"@type":"WebSite","@id":"https:\/\/cultiuslesfontanes.com\/#website","url":"https:\/\/cultiuslesfontanes.com\/","name":"Cultius les Fontanes","description":"Cultius especialitzats","publisher":{"@id":"https:\/\/cultiuslesfontanes.com\/#organization"},"potentialAction":[{"@type":"SearchAction","target":{"@type":"EntryPoint","urlTemplate":"https:\/\/cultiuslesfontanes.com\/?s={search_term_string}"},"query-input":"required name=search_term_string"}],"inLanguage":"fr-FR"},{"@type":"Organization","@id":"https:\/\/cultiuslesfontanes.com\/#organization","name":"CULTIUS LES FONTANES, S.L.","url":"https:\/\/cultiuslesfontanes.com\/","logo":{"@type":"ImageObject","inLanguage":"fr-FR","@id":"https:\/\/cultiuslesfontanes.com\/#\/schema\/logo\/image\/","url":"https:\/\/cultiuslesfontanes.com\/wp-content\/uploads\/2022\/01\/BANNER-Les-Fontanes-text-logo-i-palmeres.jpg","contentUrl":"https:\/\/cultiuslesfontanes.com\/wp-content\/uploads\/2022\/01\/BANNER-Les-Fontanes-text-logo-i-palmeres.jpg","width":1920,"height":447,"caption":"CULTIUS LES FONTANES, S.L."},"image":{"@id":"https:\/\/cultiuslesfontanes.com\/#\/schema\/logo\/image\/"}}]}},"_links":{"self":[{"href":"https:\/\/cultiuslesfontanes.com\/fr\/wp-json\/wp\/v2\/pages\/16437","targetHints":{"allow":["GET"]}}],"collection":[{"href":"https:\/\/cultiuslesfontanes.com\/fr\/wp-json\/wp\/v2\/pages"}],"about":[{"href":"https:\/\/cultiuslesfontanes.com\/fr\/wp-json\/wp\/v2\/types\/page"}],"author":[{"embeddable":true,"href":"https:\/\/cultiuslesfontanes.com\/fr\/wp-json\/wp\/v2\/users\/1"}],"replies":[{"embeddable":true,"href":"https:\/\/cultiuslesfontanes.com\/fr\/wp-json\/wp\/v2\/comments?post=16437"}],"version-history":[{"count":5,"href":"https:\/\/cultiuslesfontanes.com\/fr\/wp-json\/wp\/v2\/pages\/16437\/revisions"}],"predecessor-version":[{"id":16455,"href":"https:\/\/cultiuslesfontanes.com\/fr\/wp-json\/wp\/v2\/pages\/16437\/revisions\/16455"}],"wp:attachment":[{"href":"https:\/\/cultiuslesfontanes.com\/fr\/wp-json\/wp\/v2\/media?parent=16437"}],"curies":[{"name":"wp","href":"https:\/\/api.w.org\/{rel}","templated":true}]}}